{"id":604,"date":"2023-04-19T16:34:35","date_gmt":"2023-04-19T14:34:35","guid":{"rendered":"https:\/\/yvonnewahl.de\/\/?page_id=604"},"modified":"2023-07-26T13:11:40","modified_gmt":"2023-07-26T11:11:40","slug":"impressum-datenschutz-01","status":"publish","type":"page","link":"https:\/\/yvonnewahl.de\/en\/impressum-datenschutz-01\/","title":{"rendered":"Impressum"},"content":{"rendered":"<p>[et_pb_section fb_built=&#8221;1&#8243; _builder_version=&#8221;4.20.4&#8243; _module_preset=&#8221;default&#8221; global_colors_info=&#8221;{}&#8221;][et_pb_row _builder_version=&#8221;4.20.4&#8243; _module_preset=&#8221;default&#8221; global_colors_info=&#8221;{}&#8221;][et_pb_column type=&#8221;4_4&#8243; _builder_version=&#8221;4.20.4&#8243; _module_preset=&#8221;default&#8221; global_colors_info=&#8221;{}&#8221;][et_pb_text _builder_version=&#8221;4.21.0&#8243; _module_preset=&#8221;default&#8221; hover_enabled=&#8221;0&#8243; global_colors_info=&#8221;{}&#8221; sticky_enabled=&#8221;0&#8243;]<\/p>\n<h2><strong>IMPRESSUM \/ DATENSCHUTZ<\/strong><\/h2>\n<div class=\"row\">\n<div class=\"four columns\">Yvonne Wahl, Waldemarstrasse 56, 10997 Berlin<\/div>\n<div class=\"twelve columns\">\n<article>\n<div class=\"article-body\">\n<p class=\"\"><a href=\"mailto:yvo@yvonnewahl.de\">yvo(at)yvonnewahl.de<\/a><\/p>\n<p class=\"\">Fotos:<br \/><span>VG Bild-Kunst<\/span><\/p>\n<p class=\"\"><span>Trotz sorgf\u00e4ltiger inhaltlicher Kontrolle \u00fcbernehmen wir keine Haftung f\u00fcr die Inhalte externer Links.<br \/><\/span><span>F\u00fcr den Inhalt der verlinkten Seiten sind ausschlie\u00dflich deren Betreiber verantwortlich.<\/span><\/p>\n<p class=\"\"><span><b>Datenschutzerkl\u00e4rung<\/b><\/span><\/p>\n<p class=\"\">Verantwortliche Stelle im Sinne der Datenschutzgesetze, insbesondere der EU-Datenschutzgrundverordnung (DSGVO), ist: Yvonne Wahl, Waldemarstrasse 56, 10997 Berlin<\/p>\n<p class=\"\">Rechtsgrundlage der Verarbeitung<br \/>Insofern wir f\u00fcr die Verarbeitung der personenbezogenen Daten eine Einwilligung der betroffenen Person eingeholt haben, gilt Artikel 6 Absatz 1 Unterabsatz 1a der DSGVO als rechtliche Grundlage. Ist die Verarbeitung personenbezogener Daten f\u00fcr die Erf\u00fcllung eines Vertrags mit der betroffenen Person oder f\u00fcr vorvertragliche Ma\u00dfnahmen erforderlich, die durch die betroffene Person veranlasst wurden, dient Artikel 6 Absatz 1 Unterabsatz 1b (DSGVO) als Rechtsgrundlage. Ist die Datenverarbeitung das Resultat einer rechtlichen Verpflichtung, der wir unterliegen, berufen wir uns auf Artikel 6 Absatz 1 Unterabsatz 1c der DSGVO als rechtliche Basis. Erfolgt die Verarbeitung personenbezogener Daten, um lebenswichtige Interessen der betroffenen Person oder einer anderen nat\u00fcrlichen Person zu sch\u00fctzen, dient Artikel 6 Absatz 1 Unterabsatz 1d (DSGVO) als Rechtsgrundlage. Dient die Datenverarbeitung einer Aufgabe, die im \u00f6ffentlichen Interesse liegt oder in Aus\u00fcbung \u00f6ffentlicher Gewalt erfolgt, berufen wir uns auf Artikel 6 Absatz 1 Unterabsatz 1e der DSGVO. Insofern die Verarbeitung personenbezogener Daten erforderlich ist, um berechtigte Interessen des Verantwortlichen oder eines Dritten zu wahren \u2013 ohne dabei die Interessen, Grundrechte oder Grundfreiheiten der betroffenen Person zu gef\u00e4hrden \u2013, gilt Artikel 6 Absatz 1 Unterabsatz 1f (DSGVO) als Rechtsgrundlage.<\/p>\n<p class=\"\">Zweck der Datenverarbeitung<br \/>Um Ihren Besuch so benutzerfreundlich wie m\u00f6glich zu gestalten und s\u00e4mtliche verf\u00fcgbaren Funktionen anbieten zu k\u00f6nnen, erheben wir eine Reihe von Daten und Informationen des Ger\u00e4ts, mit dem Sie unsere Website aufgerufen haben. Dabei handelt es sich um folgende Daten: IP-Adresse Betriebssystem Browsertyp und -version Datum und Uhrzeit des Zugriffs. Eine Auswertung dieser Daten zu Marketingzwecken findet in diesem Zusammenhang nicht statt.<\/p>\n<p class=\"\">Hinweis auf Betroffenenrechte<br \/>Im Sinne der DSGVO z\u00e4hlen Sie als Betroffener, wenn personenbezogene Daten, die Sie betreffen, von uns verarbeitet werden. Aus diesem Grund k\u00f6nnen Sie von verschiedenen Betroffenenrechten Gebrauch machen, die in der Datenschutz-Grundverordnung verankert sind. Hierbei handelt es sich um das Auskunftsrecht (Artikel 15 DSGVO), das Recht auf Berichtigung (Artikel 16 DSGVO), das Recht auf L\u00f6schung (Artikel 17 DSGVO), das Recht auf Einschr\u00e4nkung der Verarbeitung (Artikel 18 DSGVO), das Widerspruchsrecht (Artikel 21 DSGVO), das Recht auf Beschwerde bei einer Aufsichtsbeh\u00f6rde (Artikel 77 DSGVO) sowie das Recht auf Daten\u00fcbertragbarkeit (Artikel 20 DSGVO).<\/p>\n<p class=\"\">Kontakt \u00fcber unsere Internetseite<br \/>Sofern uns eine Email zugesandt oder mit uns \u00fcber ein Kontaktformular Kontakt aufgenommen wird, werden die von der jeweiligen Person \u00fcbermittelten personenbezogenen Daten automatisch gespeichert. Diese uns freiwillig \u00fcbermittelten pers\u00f6nlichen Daten werden f\u00fcr die Zwecke der Bearbeitung oder f\u00fcr die Kontaktaufnahme zu der jeweiligen Person gespeichert. Wir geben diese personenbezogenen Daten nicht an Dritte weiter.<\/p>\n<p>&nbsp;<\/p>\n<\/div>\n<\/article>\n<\/div>\n<\/div>\n<p>[\/et_pb_text][\/et_pb_column][\/et_pb_row][\/et_pb_section]<\/p>\n","protected":false},"excerpt":{"rendered":"<p>IMPRESSUM \/ DATENSCHUTZ Yvonne Wahl, Waldemarstrasse 56, 10997 Berlin yvo(at)yvonnewahl.de Fotos:VG Bild-Kunst Trotz sorgf\u00e4ltiger inhaltlicher Kontrolle \u00fcbernehmen wir keine Haftung f\u00fcr die Inhalte externer Links.F\u00fcr den Inhalt der verlinkten Seiten sind ausschlie\u00dflich deren Betreiber verantwortlich. Datenschutzerkl\u00e4rung Verantwortliche Stelle im Sinne der Datenschutzgesetze, insbesondere der EU-Datenschutzgrundverordnung (DSGVO), ist: Yvonne Wahl, Waldemarstrasse 56, 10997 Berlin Rechtsgrundlage der [&hellip;]<\/p>\n","protected":false},"author":3,"featured_media":0,"parent":0,"menu_order":18,"comment_status":"closed","ping_status":"closed","template":"","meta":{"_et_pb_use_builder":"on","_et_pb_old_content":"","_et_gb_content_width":"","footnotes":""},"class_list":["post-604","page","type-page","status-publish","hentry"],"_links":{"self":[{"href":"https:\/\/yvonnewahl.de\/en\/wp-json\/wp\/v2\/pages\/604","targetHints":{"allow":["GET"]}}],"collection":[{"href":"https:\/\/yvonnewahl.de\/en\/wp-json\/wp\/v2\/pages"}],"about":[{"href":"https:\/\/yvonnewahl.de\/en\/wp-json\/wp\/v2\/types\/page"}],"author":[{"embeddable":true,"href":"https:\/\/yvonnewahl.de\/en\/wp-json\/wp\/v2\/users\/3"}],"replies":[{"embeddable":true,"href":"https:\/\/yvonnewahl.de\/en\/wp-json\/wp\/v2\/comments?post=604"}],"version-history":[{"count":10,"href":"https:\/\/yvonnewahl.de\/en\/wp-json\/wp\/v2\/pages\/604\/revisions"}],"predecessor-version":[{"id":1862,"href":"https:\/\/yvonnewahl.de\/en\/wp-json\/wp\/v2\/pages\/604\/revisions\/1862"}],"wp:attachment":[{"href":"https:\/\/yvonnewahl.de\/en\/wp-json\/wp\/v2\/media?parent=604"}],"curies":[{"name":"wp","href":"https:\/\/api.w.org\/{rel}","templated":true}]}}